{"id":2,"date":"2025-04-15T22:23:22","date_gmt":"2025-04-15T20:23:22","guid":{"rendered":"http:\/\/test.atelierbelharra.com\/?page_id=2"},"modified":"2026-03-18T10:55:27","modified_gmt":"2026-03-18T09:55:27","slug":"a-propos","status":"publish","type":"page","link":"https:\/\/test.atelierbelharra.com\/index.php\/a-propos\/","title":{"rendered":"\u00c0 propos"},"content":{"rendered":"\n<p>Mais pourquoi ce nom &#8211; pas si simple &#8211; qu\u2019est-ce que \u00e7a veut dire? D\u2019o\u00f9 vient-il?<\/p>\n\n\n\n<p>Belharra, c\u2019est un haut-fond, au large de Saint-Jean-de-Luz dans le pays basque, o\u00f9 se forme une ou deux fois par an une vague g\u00e9ante du m\u00eame nom, tr\u00e8s attendue par les surfeurs et plus g\u00e9n\u00e9ralement par les passionn\u00e9s de l\u2019oc\u00e9an. <\/p>\n\n\n\n<p>Quand ma s\u0153ur m\u2019a sugg\u00e9r\u00e9 ce nom pour d\u00e9marrer cette aventure c\u00e9ramique, \u00e7a a \u00e9t\u00e9 une \u00e9vidence. <\/p>\n\n\n\n<p>D\u2019une part parce que les racines familiales m\u2019ont profond\u00e9ment ancr\u00e9e dans deux r\u00e9gions oc\u00e9aniques magnifiques, la Bretagne et le pays basque, synonymes pour moi de paysages \u00e9poustouflants, de temps pass\u00e9 en famille &#8211; et de bonne gastronomie bien s\u00fbr &#8211; mais aussi parce que le symbole de cette vague immense, rare mais sans cesse renouvel\u00e9e, repr\u00e9sente pour moi une id\u00e9e de changement perp\u00e9tuel, de renouveau, de saut dans l\u2019inconnu, effrayant mais plein de promesses, d\u2019excitation m\u00eame. <\/p>\n\n\n\n<p>Belharra c\u2019est la temp\u00eate puis le calme, c\u2019est ne pas suivre une ligne droite mais tester les chemins de traverse, c\u2019est \u00eatre dans le moment pr\u00e9sent plus que penser \u00e0 la destination. <\/p>\n\n\n\n<p>Alors voil\u00e0, j\u2019esp\u00e8re qu&rsquo;Atelier Belharra saura provoquer ce fr\u00e9missement, cette attente et ce renouveau, et que cette petite production artisanale trouvera sa place dans ce monde plut\u00f4t chaotique.<\/p>\n","protected":false},"excerpt":{"rendered":"<p>Mais pourquoi ce nom &#8211; pas si simple &#8211; qu\u2019est-ce que \u00e7a veut dire? D\u2019o\u00f9 vient-il? Belharra, c\u2019est un haut-fond, au large de Saint-Jean-de-Luz dans le pays basque, o\u00f9 se forme une ou deux fois par an une vague g\u00e9ante du m\u00eame nom, tr\u00e8s attendue par les surfeurs et plus g\u00e9n\u00e9ralement par les passionn\u00e9s de [&hellip;]<\/p>\n","protected":false},"author":1,"featured_media":0,"parent":0,"menu_order":0,"comment_status":"closed","ping_status":"closed","template":"","meta":{"footnotes":""},"class_list":["post-2","page","type-page","status-publish","hentry"],"_links":{"self":[{"href":"https:\/\/test.atelierbelharra.com\/index.php\/wp-json\/wp\/v2\/pages\/2","targetHints":{"allow":["GET"]}}],"collection":[{"href":"https:\/\/test.atelierbelharra.com\/index.php\/wp-json\/wp\/v2\/pages"}],"about":[{"href":"https:\/\/test.atelierbelharra.com\/index.php\/wp-json\/wp\/v2\/types\/page"}],"author":[{"embeddable":true,"href":"https:\/\/test.atelierbelharra.com\/index.php\/wp-json\/wp\/v2\/users\/1"}],"replies":[{"embeddable":true,"href":"https:\/\/test.atelierbelharra.com\/index.php\/wp-json\/wp\/v2\/comments?post=2"}],"version-history":[{"count":3,"href":"https:\/\/test.atelierbelharra.com\/index.php\/wp-json\/wp\/v2\/pages\/2\/revisions"}],"predecessor-version":[{"id":26,"href":"https:\/\/test.atelierbelharra.com\/index.php\/wp-json\/wp\/v2\/pages\/2\/revisions\/26"}],"wp:attachment":[{"href":"https:\/\/test.atelierbelharra.com\/index.php\/wp-json\/wp\/v2\/media?parent=2"}],"curies":[{"name":"wp","href":"https:\/\/api.w.org\/{rel}","templated":true}]}}